{"id":1290,"date":"2021-12-22T14:27:24","date_gmt":"2021-12-22T14:27:24","guid":{"rendered":"https:\/\/demo.creativethemes.com\/elementor\/homi\/?page_id=1290"},"modified":"2026-03-18T16:17:31","modified_gmt":"2026-03-18T16:17:31","slug":"impressum","status":"publish","type":"page","link":"https:\/\/learning-for-transformation.ch\/en\/impressum\/","title":{"rendered":"Legal Information"},"content":{"rendered":"<div data-elementor-type=\"wp-page\" data-elementor-id=\"1290\" class=\"elementor elementor-1290\" data-elementor-post-type=\"page\">\n\t\t\t\t<div class=\"elementor-element elementor-element-719c5d1 e-flex e-con-boxed e-con e-parent\" data-id=\"719c5d1\" data-element_type=\"container\" data-e-type=\"container\">\n\t\t\t\t\t<div class=\"e-con-inner\">\n\t\t\t\t<div class=\"elementor-element elementor-element-e587a6d elementor-widget elementor-widget-heading\" data-id=\"e587a6d\" data-element_type=\"widget\" data-e-type=\"widget\" data-widget_type=\"heading.default\">\n\t\t\t\t<div class=\"elementor-widget-container\">\n\t\t\t\t\t<h2 class=\"elementor-heading-title elementor-size-default\">Legal Information<\/h2>\t\t\t\t<\/div>\n\t\t\t\t<\/div>\n\t\t\t\t\t<\/div>\n\t\t\t\t<\/div>\n\t\t<div class=\"elementor-element elementor-element-b365bcf e-flex e-con-boxed e-con e-parent\" data-id=\"b365bcf\" data-element_type=\"container\" data-e-type=\"container\">\n\t\t\t\t\t<div class=\"e-con-inner\">\n\t\t<div class=\"elementor-element elementor-element-565e892 e-con-full elementor-hidden-mobile e-flex e-con e-child\" data-id=\"565e892\" data-element_type=\"container\" data-e-type=\"container\">\n\t\t\t\t<div class=\"elementor-element elementor-element-f30c4cc elementor-widget__width-initial elementor-widget elementor-widget-image\" data-id=\"f30c4cc\" data-element_type=\"widget\" data-e-type=\"widget\" data-widget_type=\"image.default\">\n\t\t\t\t<div class=\"elementor-widget-container\">\n\t\t\t\t\t\t\t\t\t\t\t\t\t\t\t<img fetchpriority=\"high\" decoding=\"async\" width=\"333\" height=\"863\" src=\"https:\/\/learning-for-transformation.ch\/wp-content\/uploads\/2023\/11\/c68533_837b0f75afd4430f919f283fd0388fe5mv2.webp\" class=\"attachment-large size-large wp-image-1611\" alt=\"\" srcset=\"https:\/\/learning-for-transformation.ch\/wp-content\/uploads\/2023\/11\/c68533_837b0f75afd4430f919f283fd0388fe5mv2.webp 333w, https:\/\/learning-for-transformation.ch\/wp-content\/uploads\/2023\/11\/c68533_837b0f75afd4430f919f283fd0388fe5mv2-116x300.webp 116w\" sizes=\"(max-width: 333px) 100vw, 333px\" \/>\t\t\t\t\t\t\t\t\t\t\t\t\t\t\t<\/div>\n\t\t\t\t<\/div>\n\t\t\t\t<\/div>\n\t\t<div class=\"elementor-element elementor-element-bc23cab e-con-full e-flex e-con e-child\" data-id=\"bc23cab\" data-element_type=\"container\" data-e-type=\"container\" data-settings=\"{&quot;background_background&quot;:&quot;classic&quot;}\">\n\t\t\t\t<div class=\"elementor-element elementor-element-02d3fa5 elementor-widget elementor-widget-text-editor\" data-id=\"02d3fa5\" data-element_type=\"widget\" data-e-type=\"widget\" data-widget_type=\"text-editor.default\">\n\t\t\t\t<div class=\"elementor-widget-container\">\n\t\t\t\t\t\t\t\t\t<p><strong>Contact Us<\/strong><\/p><p><span style=\"text-decoration: underline;\"><a class=\"c-link\" href=\"mailto:contact@learning-for-transformation.ch\" target=\"_blank\" rel=\"noopener noreferrer\" data-stringify-link=\"mailto:contact@learning-for-transformation.ch\" data-sk=\"tooltip_parent\" aria-haspopup=\"menu\">contact@learning-for-transformation.ch<\/a><\/span><\/p><p><strong>Responsible for the content<\/strong><\/p><p><a href=\"https:\/\/saguf.ch\/en\/projects\/education_for_sustainable_development\" target=\"_blank\" rel=\"noopener\"><span style=\"text-decoration: underline;\">saguf AG BNE<\/span><\/a><\/p><p>\u200b<\/p><p><strong>Financial support<\/strong><\/p><p>The AG BNE working group would like to thank <a href=\"https:\/\/scnat.ch\/en\" target=\"_blank\" rel=\"noopener\"><span style=\"text-decoration: underline;\">SCNAT<\/span><\/a> and <a href=\"https:\/\/www.sagw.ch\/sagw\/\" target=\"_blank\" rel=\"noopener\"><span style=\"text-decoration: underline;\">SAGW<\/span><\/a> for financial contributions<\/p><p>\u200b<\/p><p><a href=\"https:\/\/learning-for-transformation.ch\/en\/Datenschutz\/\"><span style=\"text-decoration: underline;\"><strong>Data protection<\/strong><\/span><\/a><\/p><p>Your personal details and address will only be accessible to the AG BNE working group, will be treated confidentially and will not be passed on to third parties.<\/p><p>\u200b<\/p><p><strong>Questions about data protection<\/strong><\/p><p>Please address any questions, correction requests, requests for information or requests for cancellation to <a class=\"c-link\" href=\"mailto:privacy@learning-for-transformation.ch\" target=\"_blank\" rel=\"noopener noreferrer\" data-stringify-link=\"mailto:privacy@learning-for-transformation.ch\" data-sk=\"tooltip_parent\" aria-haspopup=\"menu\">privacy@learning-for-transformation.ch<\/a><\/p><p>\u200b<\/p><p><strong>Disclaimer<\/strong><\/p><p>Despite careful checking, we cannot accept any liability for the content of external links. The operators of the linked pages are solely responsible for their content and their data protection regulations apply.<\/p>\t\t\t\t\t\t\t\t<\/div>\n\t\t\t\t<\/div>\n\t\t\t\t<\/div>\n\t\t\t\t\t<\/div>\n\t\t\t\t<\/div>\n\t\t<div class=\"elementor-element elementor-element-18667da e-flex e-con-boxed e-con e-parent\" data-id=\"18667da\" data-element_type=\"container\" data-e-type=\"container\">\n\t\t\t\t\t<div class=\"e-con-inner\">\n\t\t\t\t<div class=\"elementor-element elementor-element-a007d45 elementor-widget elementor-widget-spacer\" data-id=\"a007d45\" data-element_type=\"widget\" data-e-type=\"widget\" data-widget_type=\"spacer.default\">\n\t\t\t\t<div class=\"elementor-widget-container\">\n\t\t\t\t\t\t\t<div class=\"elementor-spacer\">\n\t\t\t<div class=\"elementor-spacer-inner\"><\/div>\n\t\t<\/div>\n\t\t\t\t\t\t<\/div>\n\t\t\t\t<\/div>\n\t\t\t\t\t<\/div>\n\t\t\t\t<\/div>\n\t\t\t\t<\/div>","protected":false},"excerpt":{"rendered":"<p>Impressum Kontakt contact@learning-for-transformation.ch Verantwortlich f\u00fcr den Inhalt saguf AG BNE \u200b Finanzielle Unterst\u00fctzung Die AG BNE bedankt sich bei der SCNAT und SAGW f\u00fcr finanzielle Beitr\u00e4ge \u200b Datenschutz Ihre Angaben zu Person und Adresse sind nur der AG BNE der saguf zug\u00e4nglich, werden vertraulich behandelt und nicht an Dritte weitergegeben. \u200b Fragen zum Datenschutz Richten [&hellip;]<\/p>\n","protected":false},"author":1,"featured_media":0,"parent":0,"menu_order":0,"comment_status":"closed","ping_status":"closed","template":"","meta":{"footnotes":""},"class_list":["post-1290","page","type-page","status-publish","hentry"],"blocksy_meta":{"styles_descriptor":{"styles":{"desktop":"","tablet":"","mobile":""},"google_fonts":[],"version":6}},"_links":{"self":[{"href":"https:\/\/learning-for-transformation.ch\/en\/wp-json\/wp\/v2\/pages\/1290","targetHints":{"allow":["GET"]}}],"collection":[{"href":"https:\/\/learning-for-transformation.ch\/en\/wp-json\/wp\/v2\/pages"}],"about":[{"href":"https:\/\/learning-for-transformation.ch\/en\/wp-json\/wp\/v2\/types\/page"}],"author":[{"embeddable":true,"href":"https:\/\/learning-for-transformation.ch\/en\/wp-json\/wp\/v2\/users\/1"}],"replies":[{"embeddable":true,"href":"https:\/\/learning-for-transformation.ch\/en\/wp-json\/wp\/v2\/comments?post=1290"}],"version-history":[{"count":10,"href":"https:\/\/learning-for-transformation.ch\/en\/wp-json\/wp\/v2\/pages\/1290\/revisions"}],"predecessor-version":[{"id":2788,"href":"https:\/\/learning-for-transformation.ch\/en\/wp-json\/wp\/v2\/pages\/1290\/revisions\/2788"}],"wp:attachment":[{"href":"https:\/\/learning-for-transformation.ch\/en\/wp-json\/wp\/v2\/media?parent=1290"}],"curies":[{"name":"wp","href":"https:\/\/api.w.org\/{rel}","templated":true}]}}